{"id":1292,"date":"2023-06-13T14:26:03","date_gmt":"2023-06-13T12:26:03","guid":{"rendered":"https:\/\/geser.eu\/?page_id=1292"},"modified":"2023-12-11T15:09:36","modified_gmt":"2023-12-11T14:09:36","slug":"imprint","status":"publish","type":"page","link":"https:\/\/geser.eu\/en\/imprint\/","title":{"rendered":"Imprint"},"content":{"rendered":"<div class=\"fusion-bg-parallax\" data-bg-align=\"center center\" data-direction=\"down\" data-mute=\"false\" data-opacity=\"100\" data-velocity=\"-0.3\" data-mobile-enabled=\"false\" data-break_parents=\"0\" data-bg-image=\"https:\/\/geser.eu\/\/wp-content\/uploads\/2023\/02\/geser_g_20.svg\" data-bg-repeat=\"false\" data-bg-color=\"rgba(0,105,180,0.1)\" data-blend-mode=\"luminosity\" ><\/div><div class=\"fusion-fullwidth fullwidth-box fusion-builder-row-1 fusion-flex-container has-pattern-background has-mask-background fusion-parallax-down nonhundred-percent-fullwidth non-hundred-percent-height-scrolling\" style=\"--awb-background-blend-mode:luminosity;--awb-border-radius-top-left:0px;--awb-border-radius-top-right:0px;--awb-border-radius-bottom-right:0px;--awb-border-radius-bottom-left:0px;--awb-padding-top:150px;--awb-padding-bottom:150px;--awb-margin-top:50px;--awb-background-color:rgba(0,105,180,0.1);--awb-background-image:url(&quot;https:\/\/geser.eu\/\/wp-content\/uploads\/2023\/02\/geser_g_20.svg&quot;);--awb-background-size:cover;--awb-flex-wrap:wrap;\" ><div class=\"awb-background-pattern\" style=\"background-image:  url();opacity: 1 ;background-size:300px;mix-blend-mode:normal;\"><\/div><div class=\"fusion-builder-row fusion-row fusion-flex-align-items-flex-start fusion-flex-content-wrap\" style=\"max-width:1456px;margin-left: calc(-4% \/ 2 );margin-right: calc(-4% \/ 2 );\"><div class=\"fusion-layout-column fusion_builder_column fusion-builder-column-0 fusion_builder_column_1_4 1_4 fusion-flex-column\" style=\"--awb-padding-top:20px;--awb-padding-right:20px;--awb-padding-bottom:20px;--awb-padding-left:20px;--awb-bg-position:center center;--awb-bg-size:cover;--awb-border-color:var(--awb-color4);--awb-border-left:5px;--awb-border-style:solid;--awb-width-large:25%;--awb-margin-top-large:0px;--awb-spacing-right-large:7.68%;--awb-margin-bottom-large:20px;--awb-spacing-left-large:7.68%;--awb-width-medium:25%;--awb-order-medium:0;--awb-spacing-right-medium:7.68%;--awb-spacing-left-medium:7.68%;--awb-width-small:100%;--awb-order-small:0;--awb-spacing-right-small:1.92%;--awb-spacing-left-small:1.92%;\"><div class=\"fusion-column-wrapper fusion-column-has-shadow fusion-flex-justify-content-center fusion-content-layout-column\"><div class=\"fusion-text fusion-text-1\"><h2>Imprint<\/h2>\n<\/div><\/div><\/div><div class=\"fusion-layout-column fusion_builder_column fusion-builder-column-1 fusion_builder_column_3_4 3_4 fusion-flex-column fusion-flex-align-self-stretch\" style=\"--awb-bg-size:cover;--awb-width-large:75%;--awb-margin-top-large:0px;--awb-spacing-right-large:2.56%;--awb-margin-bottom-large:20px;--awb-spacing-left-large:2.56%;--awb-width-medium:75%;--awb-order-medium:0;--awb-spacing-right-medium:2.56%;--awb-spacing-left-medium:2.56%;--awb-width-small:100%;--awb-order-small:0;--awb-spacing-right-small:1.92%;--awb-spacing-left-small:1.92%;\"><div class=\"fusion-column-wrapper fusion-column-has-shadow fusion-flex-justify-content-space-between fusion-content-layout-column\"><div class=\"fusion-text fusion-text-2\"><h2>Information pursuant to Sect. 5 German Telemedia Act (TMG)<\/h2>\n<p><strong>GESER Erdw\u00e4rme GmbH &amp; CO. KG<\/strong><br \/>\nMywiler 160 1\/4<br \/>\n88145 Opfenbach<\/p>\n<h2><strong>Represented by<\/strong><\/h2>\n<p>Geser Erdw\u00e4rme Gesch\u00e4ftsf\u00fchrung- und Verwaltungs-GmbH<\/p>\n<h2>Contact<\/h2>\n<p>Phone: +49 8385 922 883<br \/>\nTelefax: +49 8385 922 884<br \/>\n<a href=\"mailto:mail@geser.eu\">mail[at]geser.eu<\/a><\/p>\n<h2>REGISTER ENTRY<\/h2>\n<p>Commercial Register: HRB 8701<br \/>\nRegistering court: Local court Kempten<br \/>\nManaging director: Stefan Geser<\/p>\n<h2>VAT ID<\/h2>\n<p>Sales tax identification number according to Sect. 27 a of the Sales Tax Law:<br \/>\nDE 814247803<\/p>\n<h2>EU dispute resolution<\/h2>\n<p>The European Commission provides a platform for online dispute resolution (ODR): <a href=\"https:\/\/ec.europa.eu\/consumers\/odr\/\" target=\"_blank\" rel=\"noopener noreferrer\">https:\/\/ec.europa.eu\/consumers\/odr\/<\/a>.<br \/>\nOur e-mail address can be found above in the site notice.<\/p>\n<h2>LIABILITY FOR CONTENT<\/h2>\n<p>As a service provider, we are responsible for our own content on these pages in accordance with general legislation pursuant to Section 7 (1) of the German Telemedia Act (TMG). According to \u00a7\u00a7 8 to 10 TMG, however, we are not obligated as a service provider to monitor transmitted or stored third-party information or to investigate circumstances that indicate illegal activity.<\/p>\n<p>Obligations to remove or block the use of information under the general laws remain unaffected. However, liability in this regard is only possible from the point in time at which a concrete infringement of the law becomes known. If we become aware of any such infringements, we will remove the relevant content immediately.<\/p>\n<h2>LIABILITY FOR LINKS<\/h2>\n<p>Our offer contains links to external websites of third parties, on whose contents we have no influence. Therefore, we cannot assume any liability for these external contents. The respective provider or operator of the sites is always responsible for the content of the linked sites. The linked pages were checked for possible legal violations at the time of linking. Illegal contents were not recognizable at the time of linking.<\/p>\n<p>However, a permanent control of the contents of the linked pages is not reasonable without concrete evidence of a violation of the law. If we become aware of any infringements, we will remove such links immediately.<\/p>\n<h2>Dispute resolution proceedings in front of a consumer arbitration board<\/h2>\n<p>We are not willing or obliged to participate in dispute resolution proceedings in front of a consumer arbitration board.<\/p>\n<\/div><\/div><\/div><\/div><\/div>\n","protected":false},"excerpt":{"rendered":"","protected":false},"author":1,"featured_media":0,"parent":0,"menu_order":0,"comment_status":"closed","ping_status":"closed","template":"100-width.php","meta":{"footnotes":""},"class_list":["post-1292","page","type-page","status-publish","hentry"],"yoast_head":"<!-- This site is optimized with the Yoast SEO plugin v27.4 - https:\/\/yoast.com\/product\/yoast-seo-wordpress\/ -->\n<title>Imprint<\/title>\n<meta name=\"description\" content=\"Here you will find detailed information about our company, contact persons, legal information and data protection regulations.\" \/>\n<meta name=\"robots\" content=\"index, follow, max-snippet:-1, max-image-preview:large, max-video-preview:-1\" \/>\n<link rel=\"canonical\" href=\"https:\/\/geser.eu\/en\/imprint\/\" \/>\n<meta property=\"og:locale\" content=\"en_US\" \/>\n<meta property=\"og:type\" content=\"article\" \/>\n<meta property=\"og:title\" content=\"Imprint\" \/>\n<meta property=\"og:description\" content=\"Here you will find detailed information about our company, contact persons, legal information and data protection regulations.\" \/>\n<meta property=\"og:url\" content=\"https:\/\/geser.eu\/en\/imprint\/\" \/>\n<meta property=\"og:site_name\" content=\"GESER\" \/>\n<meta property=\"article:publisher\" content=\"https:\/\/www.facebook.com\/GeserErdwaerme\" \/>\n<meta property=\"article:modified_time\" content=\"2023-12-11T14:09:36+00:00\" \/>\n<meta name=\"twitter:card\" content=\"summary_large_image\" \/>\n<meta name=\"twitter:label1\" content=\"Est. reading time\" \/>\n\t<meta name=\"twitter:data1\" content=\"4 minutes\" \/>\n<script type=\"application\/ld+json\" class=\"yoast-schema-graph\">{\"@context\":\"https:\\\/\\\/schema.org\",\"@graph\":[{\"@type\":\"WebPage\",\"@id\":\"https:\\\/\\\/geser.eu\\\/en\\\/imprint\\\/\",\"url\":\"https:\\\/\\\/geser.eu\\\/en\\\/imprint\\\/\",\"name\":\"Imprint\",\"isPartOf\":{\"@id\":\"https:\\\/\\\/geser.eu\\\/en\\\/#website\"},\"datePublished\":\"2023-06-13T12:26:03+00:00\",\"dateModified\":\"2023-12-11T14:09:36+00:00\",\"description\":\"Here you will find detailed information about our company, contact persons, legal information and data protection regulations.\",\"breadcrumb\":{\"@id\":\"https:\\\/\\\/geser.eu\\\/en\\\/imprint\\\/#breadcrumb\"},\"inLanguage\":\"en-US\",\"potentialAction\":[{\"@type\":\"ReadAction\",\"target\":[\"https:\\\/\\\/geser.eu\\\/en\\\/imprint\\\/\"]}]},{\"@type\":\"BreadcrumbList\",\"@id\":\"https:\\\/\\\/geser.eu\\\/en\\\/imprint\\\/#breadcrumb\",\"itemListElement\":[{\"@type\":\"ListItem\",\"position\":1,\"name\":\"Startseite\",\"item\":\"https:\\\/\\\/geser.eu\\\/en\\\/company\\\/\"},{\"@type\":\"ListItem\",\"position\":2,\"name\":\"Imprint\"}]},{\"@type\":\"WebSite\",\"@id\":\"https:\\\/\\\/geser.eu\\\/en\\\/#website\",\"url\":\"https:\\\/\\\/geser.eu\\\/en\\\/\",\"name\":\"GESER\",\"description\":\"F\u00fcr Erdw\u00e4rme. Das Beste.\",\"publisher\":{\"@id\":\"https:\\\/\\\/geser.eu\\\/en\\\/#organization\"},\"potentialAction\":[{\"@type\":\"SearchAction\",\"target\":{\"@type\":\"EntryPoint\",\"urlTemplate\":\"https:\\\/\\\/geser.eu\\\/en\\\/?s={search_term_string}\"},\"query-input\":{\"@type\":\"PropertyValueSpecification\",\"valueRequired\":true,\"valueName\":\"search_term_string\"}}],\"inLanguage\":\"en-US\"},{\"@type\":\"Organization\",\"@id\":\"https:\\\/\\\/geser.eu\\\/en\\\/#organization\",\"name\":\"GESER Erdw\u00e4rme GmbH & Co. KG\",\"url\":\"https:\\\/\\\/geser.eu\\\/en\\\/\",\"logo\":{\"@type\":\"ImageObject\",\"inLanguage\":\"en-US\",\"@id\":\"https:\\\/\\\/geser.eu\\\/en\\\/#\\\/schema\\\/logo\\\/image\\\/\",\"url\":\"https:\\\/\\\/geser.eu\\\/wp-content\\\/uploads\\\/2022\\\/12\\\/geser_logo_200.svg\",\"contentUrl\":\"https:\\\/\\\/geser.eu\\\/wp-content\\\/uploads\\\/2022\\\/12\\\/geser_logo_200.svg\",\"width\":202,\"height\":56,\"caption\":\"GESER Erdw\u00e4rme GmbH & Co. KG\"},\"image\":{\"@id\":\"https:\\\/\\\/geser.eu\\\/en\\\/#\\\/schema\\\/logo\\\/image\\\/\"},\"sameAs\":[\"https:\\\/\\\/www.facebook.com\\\/GeserErdwaerme\",\"https:\\\/\\\/www.instagram.com\\\/geser_erdwaerme\\\/\"]}]}<\/script>\n<!-- \/ Yoast SEO plugin. -->","yoast_head_json":{"title":"Imprint","description":"Here you will find detailed information about our company, contact persons, legal information and data protection regulations.","robots":{"index":"index","follow":"follow","max-snippet":"max-snippet:-1","max-image-preview":"max-image-preview:large","max-video-preview":"max-video-preview:-1"},"canonical":"https:\/\/geser.eu\/en\/imprint\/","og_locale":"en_US","og_type":"article","og_title":"Imprint","og_description":"Here you will find detailed information about our company, contact persons, legal information and data protection regulations.","og_url":"https:\/\/geser.eu\/en\/imprint\/","og_site_name":"GESER","article_publisher":"https:\/\/www.facebook.com\/GeserErdwaerme","article_modified_time":"2023-12-11T14:09:36+00:00","twitter_card":"summary_large_image","twitter_misc":{"Est. reading time":"4 minutes"},"schema":{"@context":"https:\/\/schema.org","@graph":[{"@type":"WebPage","@id":"https:\/\/geser.eu\/en\/imprint\/","url":"https:\/\/geser.eu\/en\/imprint\/","name":"Imprint","isPartOf":{"@id":"https:\/\/geser.eu\/en\/#website"},"datePublished":"2023-06-13T12:26:03+00:00","dateModified":"2023-12-11T14:09:36+00:00","description":"Here you will find detailed information about our company, contact persons, legal information and data protection regulations.","breadcrumb":{"@id":"https:\/\/geser.eu\/en\/imprint\/#breadcrumb"},"inLanguage":"en-US","potentialAction":[{"@type":"ReadAction","target":["https:\/\/geser.eu\/en\/imprint\/"]}]},{"@type":"BreadcrumbList","@id":"https:\/\/geser.eu\/en\/imprint\/#breadcrumb","itemListElement":[{"@type":"ListItem","position":1,"name":"Startseite","item":"https:\/\/geser.eu\/en\/company\/"},{"@type":"ListItem","position":2,"name":"Imprint"}]},{"@type":"WebSite","@id":"https:\/\/geser.eu\/en\/#website","url":"https:\/\/geser.eu\/en\/","name":"GESER","description":"F\u00fcr Erdw\u00e4rme. Das Beste.","publisher":{"@id":"https:\/\/geser.eu\/en\/#organization"},"potentialAction":[{"@type":"SearchAction","target":{"@type":"EntryPoint","urlTemplate":"https:\/\/geser.eu\/en\/?s={search_term_string}"},"query-input":{"@type":"PropertyValueSpecification","valueRequired":true,"valueName":"search_term_string"}}],"inLanguage":"en-US"},{"@type":"Organization","@id":"https:\/\/geser.eu\/en\/#organization","name":"GESER Erdw\u00e4rme GmbH & Co. KG","url":"https:\/\/geser.eu\/en\/","logo":{"@type":"ImageObject","inLanguage":"en-US","@id":"https:\/\/geser.eu\/en\/#\/schema\/logo\/image\/","url":"https:\/\/geser.eu\/wp-content\/uploads\/2022\/12\/geser_logo_200.svg","contentUrl":"https:\/\/geser.eu\/wp-content\/uploads\/2022\/12\/geser_logo_200.svg","width":202,"height":56,"caption":"GESER Erdw\u00e4rme GmbH & Co. KG"},"image":{"@id":"https:\/\/geser.eu\/en\/#\/schema\/logo\/image\/"},"sameAs":["https:\/\/www.facebook.com\/GeserErdwaerme","https:\/\/www.instagram.com\/geser_erdwaerme\/"]}]}},"publishpress_future_action":{"enabled":false,"date":"2026-04-24 11:01:05","action":"change-status","newStatus":"draft","terms":[],"taxonomy":"translation_priority","extraData":[]},"publishpress_future_workflow_manual_trigger":{"enabledWorkflows":[]},"_links":{"self":[{"href":"https:\/\/geser.eu\/en\/wp-json\/wp\/v2\/pages\/1292","targetHints":{"allow":["GET"]}}],"collection":[{"href":"https:\/\/geser.eu\/en\/wp-json\/wp\/v2\/pages"}],"about":[{"href":"https:\/\/geser.eu\/en\/wp-json\/wp\/v2\/types\/page"}],"author":[{"embeddable":true,"href":"https:\/\/geser.eu\/en\/wp-json\/wp\/v2\/users\/1"}],"replies":[{"embeddable":true,"href":"https:\/\/geser.eu\/en\/wp-json\/wp\/v2\/comments?post=1292"}],"version-history":[{"count":5,"href":"https:\/\/geser.eu\/en\/wp-json\/wp\/v2\/pages\/1292\/revisions"}],"predecessor-version":[{"id":1536,"href":"https:\/\/geser.eu\/en\/wp-json\/wp\/v2\/pages\/1292\/revisions\/1536"}],"wp:attachment":[{"href":"https:\/\/geser.eu\/en\/wp-json\/wp\/v2\/media?parent=1292"}],"curies":[{"name":"wp","href":"https:\/\/api.w.org\/{rel}","templated":true}]}}